{"id":12,"date":"2023-02-22T12:46:42","date_gmt":"2023-02-22T12:46:42","guid":{"rendered":"https:\/\/sampling-innovations.com\/?page_id=12"},"modified":"2023-07-14T12:53:01","modified_gmt":"2023-07-14T12:53:01","slug":"politica-de-cookies","status":"publish","type":"page","link":"https:\/\/sampling-innovations.com\/en\/politica-de-cookies\/","title":{"rendered":"Cookies policy"},"content":{"rendered":"<header class=\"text-center\">\n<h4>https:\/\/sampling-innovations.com<\/h4>\n<\/header>\n<div>\n<p>Access to this website may involve the use of cookies. Cookies are small amounts of information stored in the browser used by each User\u2014on the various devices they may use to browse\u2014so that the server remembers certain information that only the server that implemented it will later read. Cookies facilitate navigation, make it more user-friendly, and do not harm the browsing device.<\/p>\n<p>Cookies are automatic procedures for collecting information about the preferences determined by the User during their visit to the website in order to recognize them as a User, personalize their experience and use of the website, and may also, for example, help identify and resolve errors.<\/p>\n<p>The information collected through cookies may include the date and time of visits to the website, the pages viewed, the time spent on the website, and the sites visited just before and after it. However, no cookie allows it to contact the User's phone number or any other personal contact method. No cookie can extract information from the User's hard drive or steal personal information. The only way for the User's private information to be part of the Cookie file is for the user to personally provide that information to the server.<\/p>\n<p>Cookies that allow the identification of a person are considered personal data. Therefore, the Privacy Policy described above applies to them. In this regard, for their use, the User's consent will be necessary. This consent will be communicated, based on an authentic choice, offered through an affirmative and positive decision, before the initial treatment, removable, and documented.<\/p>\n<div class=\"\">\n<h4>Own Cookies<\/h4>\n<p>These are cookies that are sent to the User's computer or device and managed exclusively by\u00a0<span class=\"blanc-space ng-binding\">Sampling<\/span>\u00a0for the better functioning of the website. The information collected is used to improve the quality of the website and its content and the User's experience. These cookies allow recognizing the User as a recurring visitor to the website and adapting the content to offer them content that suits their preferences.<\/p>\n<\/div>\n<div class=\"thirdCookies\">\n<h4>Third-Party Cookies<\/h4>\n<p>Son cookies utilizadas y gestionadas por entidades externas que proporcionan a\u00a0<span class=\"blanc-space ng-binding\">Sampling<\/span>\u00a0to improve the website and the user's experience while browsing the website. The main objectives for which third-party cookies are used are obtaining access statistics and analyzing navigation information, i.e., how the User interacts with the website.<\/p>\n<p>The information obtained refers, for example, to the number of pages visited, the language, the location from which the User's IP address accesses, the number of Users who access, the frequency and recurrence of visits, the visit time, the browser they use, the operator or type of device from which the visit is made. This information is used to improve the website and detect new needs to offer Users optimal quality content and\/or service. In any case, the information is collected anonymously, and trend reports of the website are created without identifying individual users.<\/p>\n<p>You can get more information about cookies, privacy information, or check the description of the type of cookies used, their main characteristics, expiration period, etc. at the following link(s):<\/p>\n<p>The entity(ies) responsible for supplying cookies may provide this information to third parties, provided that the law requires it or a third party processes this information for such entities.<\/p>\n<\/div>\n<h4>Disable, Reject, and Delete Cookies<\/h4>\n<p>The User can disable, reject, and delete cookies\u2014totally or partially\u2014installed on their device by configuring their browser (including, for example, Chrome, Firefox, Safari, Explorer). In this regard, the procedures for rejecting and deleting cookies may differ from one internet browser to another. Consequently, the User should refer to the instructions provided by the internet browser they are using. In the event that they reject the use of cookies\u2014totally or partially\u2014they can still use the website, although they may have limited use of some of its features.<\/p>\n<\/div>\n<p>&nbsp;<\/p>\n<p>&nbsp;<\/p>\n<p>&nbsp;<\/p>","protected":false},"excerpt":{"rendered":"<p>https:\/\/sampling-innovations.com El acceso a este Sitio Web puede implicar la utilizaci\u00f3n de cookies. Las cookies son peque\u00f1as cantidades de informaci\u00f3n que se almacenan en el navegador utilizado por cada Usuario \u2014en los distintos dispositivos que pueda utilizar para navegar\u2014 para que el servidor recuerde cierta informaci\u00f3n que posteriormente y \u00fanicamente el servidor que la implement\u00f3 [&hellip;]<\/p>","protected":false},"author":6,"featured_media":0,"parent":0,"menu_order":0,"comment_status":"closed","ping_status":"closed","template":"","meta":{"footnotes":""},"class_list":["post-12","page","type-page","status-publish","hentry"],"yoast_head":"<!-- This site is optimized with the Yoast SEO plugin v26.1.1 - https:\/\/yoast.com\/wordpress\/plugins\/seo\/ -->\n<title>Pol\u00edtica de cookies - Sampling Innovations<\/title>\n<meta name=\"robots\" content=\"index, follow, max-snippet:-1, max-image-preview:large, max-video-preview:-1\" \/>\n<link rel=\"canonical\" href=\"https:\/\/sampling-innovations.com\/en\/politica-de-cookies\/\" \/>\n<meta property=\"og:locale\" content=\"en_GB\" \/>\n<meta property=\"og:type\" content=\"article\" \/>\n<meta property=\"og:title\" content=\"Pol\u00edtica de cookies - Sampling Innovations\" \/>\n<meta property=\"og:description\" content=\"https:\/\/sampling-innovations.com El acceso a este Sitio Web puede implicar la utilizaci\u00f3n de cookies. Las cookies son peque\u00f1as cantidades de informaci\u00f3n que se almacenan en el navegador utilizado por cada Usuario \u2014en los distintos dispositivos que pueda utilizar para navegar\u2014 para que el servidor recuerde cierta informaci\u00f3n que posteriormente y \u00fanicamente el servidor que la implement\u00f3 [&hellip;]\" \/>\n<meta property=\"og:url\" content=\"https:\/\/sampling-innovations.com\/en\/politica-de-cookies\/\" \/>\n<meta property=\"og:site_name\" content=\"Sampling Innovations\" \/>\n<meta property=\"article:modified_time\" content=\"2023-07-14T12:53:01+00:00\" \/>\n<meta name=\"twitter:card\" content=\"summary_large_image\" \/>\n<meta name=\"twitter:label1\" content=\"Estimated reading time\" \/>\n\t<meta name=\"twitter:data1\" content=\"4 minutes\" \/>\n<script type=\"application\/ld+json\" class=\"yoast-schema-graph\">{\"@context\":\"https:\/\/schema.org\",\"@graph\":[{\"@type\":\"WebPage\",\"@id\":\"https:\/\/sampling-innovations.com\/politica-de-cookies\/\",\"url\":\"https:\/\/sampling-innovations.com\/politica-de-cookies\/\",\"name\":\"Pol\u00edtica de cookies - Sampling Innovations\",\"isPartOf\":{\"@id\":\"https:\/\/sampling-innovations.com\/#website\"},\"datePublished\":\"2023-02-22T12:46:42+00:00\",\"dateModified\":\"2023-07-14T12:53:01+00:00\",\"breadcrumb\":{\"@id\":\"https:\/\/sampling-innovations.com\/politica-de-cookies\/#breadcrumb\"},\"inLanguage\":\"en-GB\",\"potentialAction\":[{\"@type\":\"ReadAction\",\"target\":[\"https:\/\/sampling-innovations.com\/politica-de-cookies\/\"]}]},{\"@type\":\"BreadcrumbList\",\"@id\":\"https:\/\/sampling-innovations.com\/politica-de-cookies\/#breadcrumb\",\"itemListElement\":[{\"@type\":\"ListItem\",\"position\":1,\"name\":\"HOME\",\"item\":\"https:\/\/sampling-innovations.com\/\"},{\"@type\":\"ListItem\",\"position\":2,\"name\":\"Pol\u00edtica de cookies\"}]},{\"@type\":\"WebSite\",\"@id\":\"https:\/\/sampling-innovations.com\/#website\",\"url\":\"https:\/\/sampling-innovations.com\/\",\"name\":\"Sampling Innovations\",\"description\":\"Muestras para cosm\u00e9tica y perfumer\u00eda\",\"publisher\":{\"@id\":\"https:\/\/sampling-innovations.com\/#organization\"},\"potentialAction\":[{\"@type\":\"SearchAction\",\"target\":{\"@type\":\"EntryPoint\",\"urlTemplate\":\"https:\/\/sampling-innovations.com\/?s={search_term_string}\"},\"query-input\":{\"@type\":\"PropertyValueSpecification\",\"valueRequired\":true,\"valueName\":\"search_term_string\"}}],\"inLanguage\":\"en-GB\"},{\"@type\":\"Organization\",\"@id\":\"https:\/\/sampling-innovations.com\/#organization\",\"name\":\"Sampling Innovations\",\"url\":\"https:\/\/sampling-innovations.com\/\",\"logo\":{\"@type\":\"ImageObject\",\"inLanguage\":\"en-GB\",\"@id\":\"https:\/\/sampling-innovations.com\/#\/schema\/logo\/image\/\",\"url\":\"https:\/\/sampling-innovations.com\/wp-content\/uploads\/2023\/05\/logo_sampling.png\",\"contentUrl\":\"https:\/\/sampling-innovations.com\/wp-content\/uploads\/2023\/05\/logo_sampling.png\",\"width\":835,\"height\":352,\"caption\":\"Sampling Innovations\"},\"image\":{\"@id\":\"https:\/\/sampling-innovations.com\/#\/schema\/logo\/image\/\"}}]}<\/script>\n<!-- \/ Yoast SEO plugin. -->","yoast_head_json":{"title":"Pol\u00edtica de cookies - Sampling Innovations","robots":{"index":"index","follow":"follow","max-snippet":"max-snippet:-1","max-image-preview":"max-image-preview:large","max-video-preview":"max-video-preview:-1"},"canonical":"https:\/\/sampling-innovations.com\/en\/politica-de-cookies\/","og_locale":"en_GB","og_type":"article","og_title":"Pol\u00edtica de cookies - Sampling Innovations","og_description":"https:\/\/sampling-innovations.com El acceso a este Sitio Web puede implicar la utilizaci\u00f3n de cookies. Las cookies son peque\u00f1as cantidades de informaci\u00f3n que se almacenan en el navegador utilizado por cada Usuario \u2014en los distintos dispositivos que pueda utilizar para navegar\u2014 para que el servidor recuerde cierta informaci\u00f3n que posteriormente y \u00fanicamente el servidor que la implement\u00f3 [&hellip;]","og_url":"https:\/\/sampling-innovations.com\/en\/politica-de-cookies\/","og_site_name":"Sampling Innovations","article_modified_time":"2023-07-14T12:53:01+00:00","twitter_card":"summary_large_image","twitter_misc":{"Estimated reading time":"4 minutes"},"schema":{"@context":"https:\/\/schema.org","@graph":[{"@type":"WebPage","@id":"https:\/\/sampling-innovations.com\/politica-de-cookies\/","url":"https:\/\/sampling-innovations.com\/politica-de-cookies\/","name":"Pol\u00edtica de cookies - Sampling Innovations","isPartOf":{"@id":"https:\/\/sampling-innovations.com\/#website"},"datePublished":"2023-02-22T12:46:42+00:00","dateModified":"2023-07-14T12:53:01+00:00","breadcrumb":{"@id":"https:\/\/sampling-innovations.com\/politica-de-cookies\/#breadcrumb"},"inLanguage":"en-GB","potentialAction":[{"@type":"ReadAction","target":["https:\/\/sampling-innovations.com\/politica-de-cookies\/"]}]},{"@type":"BreadcrumbList","@id":"https:\/\/sampling-innovations.com\/politica-de-cookies\/#breadcrumb","itemListElement":[{"@type":"ListItem","position":1,"name":"HOME","item":"https:\/\/sampling-innovations.com\/"},{"@type":"ListItem","position":2,"name":"Pol\u00edtica de cookies"}]},{"@type":"WebSite","@id":"https:\/\/sampling-innovations.com\/#website","url":"https:\/\/sampling-innovations.com\/","name":"Sampling Innovations","description":"Muestras para cosm\u00e9tica y perfumer\u00eda","publisher":{"@id":"https:\/\/sampling-innovations.com\/#organization"},"potentialAction":[{"@type":"SearchAction","target":{"@type":"EntryPoint","urlTemplate":"https:\/\/sampling-innovations.com\/?s={search_term_string}"},"query-input":{"@type":"PropertyValueSpecification","valueRequired":true,"valueName":"search_term_string"}}],"inLanguage":"en-GB"},{"@type":"Organization","@id":"https:\/\/sampling-innovations.com\/#organization","name":"Sampling Innovations","url":"https:\/\/sampling-innovations.com\/","logo":{"@type":"ImageObject","inLanguage":"en-GB","@id":"https:\/\/sampling-innovations.com\/#\/schema\/logo\/image\/","url":"https:\/\/sampling-innovations.com\/wp-content\/uploads\/2023\/05\/logo_sampling.png","contentUrl":"https:\/\/sampling-innovations.com\/wp-content\/uploads\/2023\/05\/logo_sampling.png","width":835,"height":352,"caption":"Sampling Innovations"},"image":{"@id":"https:\/\/sampling-innovations.com\/#\/schema\/logo\/image\/"}}]}},"_links":{"self":[{"href":"https:\/\/sampling-innovations.com\/en\/wp-json\/wp\/v2\/pages\/12","targetHints":{"allow":["GET"]}}],"collection":[{"href":"https:\/\/sampling-innovations.com\/en\/wp-json\/wp\/v2\/pages"}],"about":[{"href":"https:\/\/sampling-innovations.com\/en\/wp-json\/wp\/v2\/types\/page"}],"author":[{"embeddable":true,"href":"https:\/\/sampling-innovations.com\/en\/wp-json\/wp\/v2\/users\/6"}],"replies":[{"embeddable":true,"href":"https:\/\/sampling-innovations.com\/en\/wp-json\/wp\/v2\/comments?post=12"}],"version-history":[{"count":7,"href":"https:\/\/sampling-innovations.com\/en\/wp-json\/wp\/v2\/pages\/12\/revisions"}],"predecessor-version":[{"id":3388,"href":"https:\/\/sampling-innovations.com\/en\/wp-json\/wp\/v2\/pages\/12\/revisions\/3388"}],"wp:attachment":[{"href":"https:\/\/sampling-innovations.com\/en\/wp-json\/wp\/v2\/media?parent=12"}],"curies":[{"name":"wp","href":"https:\/\/api.w.org\/{rel}","templated":true}]}}